{"id":239,"date":"2023-06-14T20:58:20","date_gmt":"2023-06-14T20:58:20","guid":{"rendered":"https:\/\/odetopeace.leraauerbach.com\/?page_id=239"},"modified":"2023-08-03T17:44:53","modified_gmt":"2023-08-03T17:44:53","slug":"audio-video","status":"publish","type":"page","link":"https:\/\/odetopeace.leraauerbach.com\/?page_id=239&lang=de","title":{"rendered":"Audio\/Video"},"content":{"rendered":"\n<iframe loading=\"lazy\" width=\"560\" height=\"315\" src=\"https:\/\/www.youtube.com\/embed\/LENW4rV00oQ\" title=\"YouTube video player\" frameborder=\"0\" allow=\"accelerometer; autoplay; clipboard-write; encrypted-media; gyroscope; picture-in-picture; web-share\" allowfullscreen><\/iframe>\n\n\n\n<p class=\"has-small-font-size\">Video Source: YouTube<\/p>\n\n\n\n<p class=\"has-small-font-size\">Richard Pittsinger, Jack Keller (Knabensopran)<br>Maarten Engeltjes (Countertenor)<br>Mark Stone (Bassbariton)<br>St. Paul&#8217;s Cathedral Choir London<br>St. Thomas Choir of Boys New York<br>M\u00e4nnerstimmen des S\u00e4chsischen Staatsopernchors Dresden<br>S\u00e4chsische Staatskapelle Dresden<br>Vladimir Jurowski (Dirigent)<\/p>\n\n\n\n<p><\/p>\n","protected":false},"excerpt":{"rendered":"<p>Video Source: YouTube Richard Pittsinger, Jack Keller (Knabensopran)Maarten Engeltjes (Countertenor)Mark Stone (Bassbariton)St. Paul&#8217;s Cathedral Choir LondonSt. Thomas Choir of Boys New YorkM\u00e4nnerstimmen [&hellip;]<\/p>\n","protected":false},"author":2,"featured_media":0,"parent":0,"menu_order":0,"comment_status":"closed","ping_status":"closed","template":"page-templates\/page_fullwidth.php","meta":{"footnotes":""},"categories":[30],"tags":[],"class_list":["post-239","page","type-page","status-publish","hentry","category-medien"],"_links":{"self":[{"href":"https:\/\/odetopeace.leraauerbach.com\/index.php?rest_route=\/wp\/v2\/pages\/239","targetHints":{"allow":["GET"]}}],"collection":[{"href":"https:\/\/odetopeace.leraauerbach.com\/index.php?rest_route=\/wp\/v2\/pages"}],"about":[{"href":"https:\/\/odetopeace.leraauerbach.com\/index.php?rest_route=\/wp\/v2\/types\/page"}],"author":[{"embeddable":true,"href":"https:\/\/odetopeace.leraauerbach.com\/index.php?rest_route=\/wp\/v2\/users\/2"}],"replies":[{"embeddable":true,"href":"https:\/\/odetopeace.leraauerbach.com\/index.php?rest_route=%2Fwp%2Fv2%2Fcomments&post=239"}],"version-history":[{"count":4,"href":"https:\/\/odetopeace.leraauerbach.com\/index.php?rest_route=\/wp\/v2\/pages\/239\/revisions"}],"predecessor-version":[{"id":393,"href":"https:\/\/odetopeace.leraauerbach.com\/index.php?rest_route=\/wp\/v2\/pages\/239\/revisions\/393"}],"wp:attachment":[{"href":"https:\/\/odetopeace.leraauerbach.com\/index.php?rest_route=%2Fwp%2Fv2%2Fmedia&parent=239"}],"wp:term":[{"taxonomy":"category","embeddable":true,"href":"https:\/\/odetopeace.leraauerbach.com\/index.php?rest_route=%2Fwp%2Fv2%2Fcategories&post=239"},{"taxonomy":"post_tag","embeddable":true,"href":"https:\/\/odetopeace.leraauerbach.com\/index.php?rest_route=%2Fwp%2Fv2%2Ftags&post=239"}],"curies":[{"name":"wp","href":"https:\/\/api.w.org\/{rel}","templated":true}]}}