{"id":221,"date":"2023-06-14T20:18:02","date_gmt":"2023-06-14T20:18:02","guid":{"rendered":"https:\/\/odetopeace.leraauerbach.com\/?page_id=221"},"modified":"2023-08-03T17:28:43","modified_gmt":"2023-08-03T17:28:43","slug":"informationen-zur-urauffuhrung","status":"publish","type":"page","link":"https:\/\/odetopeace.leraauerbach.com\/?page_id=221&lang=de","title":{"rendered":"Informationen zur Urauff\u00fchrung"},"content":{"rendered":"\n<p><a href=\"https:\/\/odetopeace.leraauerbach.com\/world-premiere-program\/\">Programmheft<\/a> der Urauff\u00fchrung<\/p>\n\n\n\n<p>11. Februar 2012<br>Dresden<br>Frauenkirche<s><br><\/s><br>Konzert zum Gedenken an die Zerst\u00f6rung der Stadt Dresden am 13. Februar 1945<br><br>Richard Pittsinger, Jack Keller (Knabensopran)<br>Maarten Engeltjes (Countertenor)<br>Mark Stone (Bassbariton)<br>St. Paul&#8217;s Cathedral Choir London<br>St. Thomas Choir of Boys New York<br>M\u00e4nnerstimmen des S\u00e4chsischen Staatsopernchors Dresden<br>S\u00e4chsische Staatskapelle Dresden<br>Vladimir Jurowski (Dirigent)<\/p>\n\n\n\n<figure class=\"wp-block-image size-full\"><img loading=\"lazy\" decoding=\"async\" width=\"794\" height=\"527\" src=\"https:\/\/odetopeace.leraauerbach.com\/wp-content\/uploads\/2023\/05\/Auerbach-Requiem-1.jpg\" alt=\"\" class=\"wp-image-152\" srcset=\"https:\/\/odetopeace.leraauerbach.com\/wp-content\/uploads\/2023\/05\/Auerbach-Requiem-1.jpg 794w, https:\/\/odetopeace.leraauerbach.com\/wp-content\/uploads\/2023\/05\/Auerbach-Requiem-1-300x199.jpg 300w, https:\/\/odetopeace.leraauerbach.com\/wp-content\/uploads\/2023\/05\/Auerbach-Requiem-1-768x510.jpg 768w, https:\/\/odetopeace.leraauerbach.com\/wp-content\/uploads\/2023\/05\/Auerbach-Requiem-1-230x153.jpg 230w, https:\/\/odetopeace.leraauerbach.com\/wp-content\/uploads\/2023\/05\/Auerbach-Requiem-1-350x232.jpg 350w, https:\/\/odetopeace.leraauerbach.com\/wp-content\/uploads\/2023\/05\/Auerbach-Requiem-1-480x319.jpg 480w\" sizes=\"auto, (max-width: 794px) 100vw, 794px\" \/><\/figure>\n\n\n\n<p class=\"has-small-font-size\">Urauff\u00fchrung in der Dresdner Frauenkirche [Foto: Matthias Creutziger]<\/p>\n","protected":false},"excerpt":{"rendered":"<p>Programmheft der Urauff\u00fchrung 11. Februar 2012DresdenFrauenkircheKonzert zum Gedenken an die Zerst\u00f6rung der Stadt Dresden am 13. Februar 1945 Richard Pittsinger, Jack Keller [&hellip;]<\/p>\n","protected":false},"author":2,"featured_media":0,"parent":0,"menu_order":0,"comment_status":"closed","ping_status":"closed","template":"page-templates\/page_fullwidth.php","meta":{"footnotes":""},"categories":[27],"tags":[],"class_list":["post-221","page","type-page","status-publish","hentry","category-hintergrund"],"_links":{"self":[{"href":"https:\/\/odetopeace.leraauerbach.com\/index.php?rest_route=\/wp\/v2\/pages\/221","targetHints":{"allow":["GET"]}}],"collection":[{"href":"https:\/\/odetopeace.leraauerbach.com\/index.php?rest_route=\/wp\/v2\/pages"}],"about":[{"href":"https:\/\/odetopeace.leraauerbach.com\/index.php?rest_route=\/wp\/v2\/types\/page"}],"author":[{"embeddable":true,"href":"https:\/\/odetopeace.leraauerbach.com\/index.php?rest_route=\/wp\/v2\/users\/2"}],"replies":[{"embeddable":true,"href":"https:\/\/odetopeace.leraauerbach.com\/index.php?rest_route=%2Fwp%2Fv2%2Fcomments&post=221"}],"version-history":[{"count":8,"href":"https:\/\/odetopeace.leraauerbach.com\/index.php?rest_route=\/wp\/v2\/pages\/221\/revisions"}],"predecessor-version":[{"id":389,"href":"https:\/\/odetopeace.leraauerbach.com\/index.php?rest_route=\/wp\/v2\/pages\/221\/revisions\/389"}],"wp:attachment":[{"href":"https:\/\/odetopeace.leraauerbach.com\/index.php?rest_route=%2Fwp%2Fv2%2Fmedia&parent=221"}],"wp:term":[{"taxonomy":"category","embeddable":true,"href":"https:\/\/odetopeace.leraauerbach.com\/index.php?rest_route=%2Fwp%2Fv2%2Fcategories&post=221"},{"taxonomy":"post_tag","embeddable":true,"href":"https:\/\/odetopeace.leraauerbach.com\/index.php?rest_route=%2Fwp%2Fv2%2Ftags&post=221"}],"curies":[{"name":"wp","href":"https:\/\/api.w.org\/{rel}","templated":true}]}}