{"id":217,"date":"2023-06-14T20:13:06","date_gmt":"2023-06-14T20:13:06","guid":{"rendered":"https:\/\/odetopeace.leraauerbach.com\/?page_id=217"},"modified":"2023-08-03T17:25:27","modified_gmt":"2023-08-03T17:25:27","slug":"besetzung","status":"publish","type":"page","link":"https:\/\/odetopeace.leraauerbach.com\/?page_id=217&lang=de","title":{"rendered":"Besetzung"},"content":{"rendered":"\n<p><a rel=\"noreferrer noopener\" href=\"https:\/\/www.boosey.com\/downloads\/BH_StandardAbbreviations_New.pdf\" target=\"_blank\">Abk\u00fcrzungen.pdf<\/a><\/p>\n\n\n\n<div class=\"wp-block-columns is-layout-flex wp-container-core-columns-is-layout-9d6595d7 wp-block-columns-is-layout-flex\">\n<div class=\"wp-block-column is-layout-flow wp-block-column-is-layout-flow\">\n<p>Fl\u00f6te I (auch Piccolofl\u00f6te)<br>Fl\u00f6te II (auch Altfl\u00f6te)<br>Oboe<br>Englisch Horn<br>Klarinette in B<br>Bassklarinette<br>Fagott&nbsp;<br>Kontrafagott&nbsp;<\/p>\n\n\n\n<p>2 H\u00f6rner in F<br>Trompete in C<br>Posaune&nbsp;<br>Tuba<\/p>\n\n\n\n<p>Pauken<\/p>\n\n\n\n<p>Schlagzeug: R\u00f6hrenglocken, Vibraphon, Flexaton, Crotales<\/p>\n\n\n\n<p>Harfe<br>Celesta<br>Klavier<\/p>\n\n\n\n<p>2 Knabensoprane,<br>Countertenor<br>Bassbariton<\/p>\n\n\n\n<p>Chor: Knabenchor und M\u00e4nnerchor (SATB)*<\/p>\n\n\n\n<p>Violinen I<br>Violinen II<br>Violen<br>Violoncelli&nbsp;<br>Kontrab\u00e4sse<\/p>\n\n\n\n<p class=\"has-small-font-size\">* SATB: S &#8211; Knabensoprane; ATB \u2013 M\u00e4nnerchor<\/p>\n<\/div>\n\n\n\n<div class=\"wp-block-column is-layout-flow wp-block-column-is-layout-flow\">\n<p><\/p>\n<\/div>\n<\/div>\n","protected":false},"excerpt":{"rendered":"<p>Abk\u00fcrzungen.pdf Fl\u00f6te I (auch Piccolofl\u00f6te)Fl\u00f6te II (auch Altfl\u00f6te)OboeEnglisch HornKlarinette in BBassklarinetteFagott&nbsp;Kontrafagott&nbsp; 2 H\u00f6rner in FTrompete in CPosaune&nbsp;Tuba Pauken Schlagzeug: R\u00f6hrenglocken, Vibraphon, Flexaton, [&hellip;]<\/p>\n","protected":false},"author":2,"featured_media":0,"parent":0,"menu_order":0,"comment_status":"closed","ping_status":"closed","template":"page-templates\/page_fullwidth.php","meta":{"footnotes":""},"categories":[24],"tags":[],"class_list":["post-217","page","type-page","status-publish","hentry","category-werk"],"_links":{"self":[{"href":"https:\/\/odetopeace.leraauerbach.com\/index.php?rest_route=\/wp\/v2\/pages\/217","targetHints":{"allow":["GET"]}}],"collection":[{"href":"https:\/\/odetopeace.leraauerbach.com\/index.php?rest_route=\/wp\/v2\/pages"}],"about":[{"href":"https:\/\/odetopeace.leraauerbach.com\/index.php?rest_route=\/wp\/v2\/types\/page"}],"author":[{"embeddable":true,"href":"https:\/\/odetopeace.leraauerbach.com\/index.php?rest_route=\/wp\/v2\/users\/2"}],"replies":[{"embeddable":true,"href":"https:\/\/odetopeace.leraauerbach.com\/index.php?rest_route=%2Fwp%2Fv2%2Fcomments&post=217"}],"version-history":[{"count":7,"href":"https:\/\/odetopeace.leraauerbach.com\/index.php?rest_route=\/wp\/v2\/pages\/217\/revisions"}],"predecessor-version":[{"id":384,"href":"https:\/\/odetopeace.leraauerbach.com\/index.php?rest_route=\/wp\/v2\/pages\/217\/revisions\/384"}],"wp:attachment":[{"href":"https:\/\/odetopeace.leraauerbach.com\/index.php?rest_route=%2Fwp%2Fv2%2Fmedia&parent=217"}],"wp:term":[{"taxonomy":"category","embeddable":true,"href":"https:\/\/odetopeace.leraauerbach.com\/index.php?rest_route=%2Fwp%2Fv2%2Fcategories&post=217"},{"taxonomy":"post_tag","embeddable":true,"href":"https:\/\/odetopeace.leraauerbach.com\/index.php?rest_route=%2Fwp%2Fv2%2Ftags&post=217"}],"curies":[{"name":"wp","href":"https:\/\/api.w.org\/{rel}","templated":true}]}}